{"id":1173,"date":"2023-06-08T10:44:00","date_gmt":"2023-06-08T07:44:00","guid":{"rendered":"https:\/\/new.skin-med.ro\/?page_id=1173"},"modified":"2026-04-15T17:48:47","modified_gmt":"2026-04-15T14:48:47","slug":"programare","status":"publish","type":"page","link":"https:\/\/www.skinmed.ro\/en\/programare\/","title":{"rendered":"Programming"},"content":{"rendered":"<div id=\"fws_69e30d3d0893d\"  data-column-margin=\"default\" data-midnight=\"dark\"  class=\"wpb_row vc_row-fluid vc_row\"  style=\"padding-top: 0px; padding-bottom: 0px; \"><div class=\"row-bg-wrap\" data-bg-animation=\"none\" data-bg-animation-delay=\"\" data-bg-overlay=\"false\"><div class=\"inner-wrap row-bg-layer\" ><div class=\"row-bg viewport-desktop\"  style=\"\"><\/div><\/div><\/div><div class=\"row_col_wrap_12 col span_12 dark left\">\n\t<div  class=\"vc_col-sm-12 wpb_column column_container vc_column_container col no-extra-padding inherit_tablet inherit_phone\"  data-padding-pos=\"all\" data-has-bg-color=\"false\" data-bg-color=\"\" data-bg-opacity=\"1\" data-animation=\"\" data-delay=\"0\" >\n\t\t<div class=\"vc_column-inner\" >\n\t\t\t<div class=\"wpb_wrapper\">\n\t\t\t\t\n<div class=\"wpb_text_column wpb_content_element\" >\n\t<div class=\"wpb_wrapper\">\n\t\t<h4><span style=\"color: #1d4e85;\">Programeaz\u0103-te direct, f\u0103r\u0103 a\u0219teptare.<\/span><\/h4>\n<p>Alege medicul, serviciul \u0219i ora care \u021bi se potrivesc &#8211; programarea se confirm\u0103 instant, f\u0103r\u0103 s\u0103 fie nevoie s\u0103 suni sau s\u0103 a\u0219tep\u021bi reconfirmarea recep\u021biei. Vei primi un SMS de confirmare imediat.<\/p>\n\t<\/div>\n<\/div>\n\n\n\n\n\t\t\t<\/div> \n\t\t<\/div>\n\t<\/div> \n<\/div><\/div>\n\t\t<div id=\"fws_69e30d3d08e46\"  data-column-margin=\"default\" data-midnight=\"dark\"  class=\"wpb_row vc_row-fluid vc_row full-width-content vc_row-o-equal-height vc_row-flex vc_row-o-content-top\"  style=\"padding-top: 0px; padding-bottom: 0px; \"><div class=\"row-bg-wrap\" data-bg-animation=\"none\" data-bg-animation-delay=\"\" data-bg-overlay=\"false\"><div class=\"inner-wrap row-bg-layer\" ><div class=\"row-bg viewport-desktop\"  style=\"\"><\/div><\/div><\/div><div class=\"row_col_wrap_12 col span_12 dark left\">\n\t<div  class=\"vc_col-sm-12 wpb_column column_container vc_column_container col no-extra-padding inherit_tablet inherit_phone\"  data-padding-pos=\"all\" data-has-bg-color=\"false\" data-bg-color=\"\" data-bg-opacity=\"1\" data-animation=\"\" data-delay=\"0\" >\n\t\t<div class=\"vc_column-inner\" >\n\t\t\t<div class=\"wpb_wrapper\">\n\t\t\t\t\n\t<div class=\"wpb_raw_code wpb_content_element wpb_raw_html\" >\n\t\t<div class=\"wpb_wrapper\">\n\t\t\t<iframe id=\"skinmed-booking\" style=\"width: 100%; border: none; overflow: hidden; min-height: 600px;\" src=\"\/wp-content\/uploads\/api\/skinmed-programari.html\" scrolling=\"no\"><\/iframe>\n\t\t<\/div>\n\t<\/div>\n\n\t\t\t<\/div> \n\t\t<\/div>\n\t<\/div> \n<\/div><\/div>","protected":false},"excerpt":{"rendered":"Programeaz\u0103-te direct, f\u0103r\u0103 a\u0219teptare. Alege medicul, serviciul \u0219i ora care \u021bi se potrivesc - programarea se confirm\u0103 instant, f\u0103r\u0103 s\u0103...","protected":false},"author":2,"featured_media":0,"parent":0,"menu_order":0,"comment_status":"closed","ping_status":"closed","template":"","meta":{"footnotes":""},"class_list":["post-1173","page","type-page","status-publish"],"aioseo_notices":[],"_links":{"self":[{"href":"https:\/\/www.skinmed.ro\/en\/wp-json\/wp\/v2\/pages\/1173","targetHints":{"allow":["GET"]}}],"collection":[{"href":"https:\/\/www.skinmed.ro\/en\/wp-json\/wp\/v2\/pages"}],"about":[{"href":"https:\/\/www.skinmed.ro\/en\/wp-json\/wp\/v2\/types\/page"}],"author":[{"embeddable":true,"href":"https:\/\/www.skinmed.ro\/en\/wp-json\/wp\/v2\/users\/2"}],"replies":[{"embeddable":true,"href":"https:\/\/www.skinmed.ro\/en\/wp-json\/wp\/v2\/comments?post=1173"}],"version-history":[{"count":52,"href":"https:\/\/www.skinmed.ro\/en\/wp-json\/wp\/v2\/pages\/1173\/revisions"}],"predecessor-version":[{"id":5810,"href":"https:\/\/www.skinmed.ro\/en\/wp-json\/wp\/v2\/pages\/1173\/revisions\/5810"}],"wp:attachment":[{"href":"https:\/\/www.skinmed.ro\/en\/wp-json\/wp\/v2\/media?parent=1173"}],"curies":[{"name":"wp","href":"https:\/\/api.w.org\/{rel}","templated":true}]}}