{"id":3723,"date":"2023-10-17T12:22:30","date_gmt":"2023-10-17T09:22:30","guid":{"rendered":"https:\/\/www.skinmed.ro\/?page_id=3723"},"modified":"2026-02-25T12:37:30","modified_gmt":"2026-02-25T10:37:30","slug":"oferte-oxygeneo","status":"publish","type":"page","link":"https:\/\/www.skinmed.ro\/en\/oferte-oxygeneo\/","title":{"rendered":"OxyGeneo offers"},"content":{"rendered":"<div id=\"fws_69e5b841b433a\"  data-column-margin=\"default\" data-midnight=\"dark\"  class=\"wpb_row vc_row-fluid vc_row  top_margin_5pct bottom_margin_5pct\"  style=\"padding-top: 0px; padding-bottom: 0px; \"><div class=\"row-bg-wrap\" data-bg-animation=\"none\" data-bg-animation-delay=\"\" data-bg-overlay=\"false\"><div class=\"inner-wrap row-bg-layer\" ><div class=\"row-bg viewport-desktop\"  style=\"\"><\/div><\/div><\/div><div class=\"row_col_wrap_12 col span_12 dark center\">\n\t<div  class=\"vc_col-sm-4 wpb_column column_container vc_column_container col no-extra-padding inherit_tablet inherit_phone\"  data-padding-pos=\"all\" data-has-bg-color=\"false\" data-bg-color=\"\" data-bg-opacity=\"1\" data-animation=\"\" data-delay=\"0\" >\n\t\t<div class=\"vc_column-inner\" >\n\t\t\t<div class=\"wpb_wrapper\">\n\t\t\t\t<div class=\"img-with-aniamtion-wrap\" data-max-width=\"100%\" data-max-width-mobile=\"default\" data-shadow=\"none\" data-animation=\"none\" >\n      <div class=\"inner\">\n        <div class=\"hover-wrap\"> \n          <div class=\"hover-wrap-inner\">\n            <img decoding=\"async\" class=\"img-with-animation skip-lazy\" data-delay=\"0\" height=\"1080\" width=\"1080\" data-animation=\"none\" src=\"https:\/\/www.skinmed.ro\/wp-content\/uploads\/2026\/02\/oferta-pachet-oxygeneo-hydrate-feb-26-skinmed.jpeg\" alt=\"oferta pachet oxygeneo hydrate feb 26 skinmed\" srcset=\"https:\/\/www.skinmed.ro\/wp-content\/uploads\/2026\/02\/oferta-pachet-oxygeneo-hydrate-feb-26-skinmed.jpeg 1080w, https:\/\/www.skinmed.ro\/wp-content\/uploads\/2026\/02\/oferta-pachet-oxygeneo-hydrate-feb-26-skinmed-300x300.jpeg 300w, https:\/\/www.skinmed.ro\/wp-content\/uploads\/2026\/02\/oferta-pachet-oxygeneo-hydrate-feb-26-skinmed-1024x1024.jpeg 1024w, https:\/\/www.skinmed.ro\/wp-content\/uploads\/2026\/02\/oferta-pachet-oxygeneo-hydrate-feb-26-skinmed-150x150.jpeg 150w, https:\/\/www.skinmed.ro\/wp-content\/uploads\/2026\/02\/oferta-pachet-oxygeneo-hydrate-feb-26-skinmed-768x768.jpeg 768w, https:\/\/www.skinmed.ro\/wp-content\/uploads\/2026\/02\/oferta-pachet-oxygeneo-hydrate-feb-26-skinmed-12x12.jpeg 12w, https:\/\/www.skinmed.ro\/wp-content\/uploads\/2026\/02\/oferta-pachet-oxygeneo-hydrate-feb-26-skinmed-100x100.jpeg 100w, https:\/\/www.skinmed.ro\/wp-content\/uploads\/2026\/02\/oferta-pachet-oxygeneo-hydrate-feb-26-skinmed-140x140.jpeg 140w, https:\/\/www.skinmed.ro\/wp-content\/uploads\/2026\/02\/oferta-pachet-oxygeneo-hydrate-feb-26-skinmed-500x500.jpeg 500w, https:\/\/www.skinmed.ro\/wp-content\/uploads\/2026\/02\/oferta-pachet-oxygeneo-hydrate-feb-26-skinmed-350x350.jpeg 350w, https:\/\/www.skinmed.ro\/wp-content\/uploads\/2026\/02\/oferta-pachet-oxygeneo-hydrate-feb-26-skinmed-1000x1000.jpeg 1000w, https:\/\/www.skinmed.ro\/wp-content\/uploads\/2026\/02\/oferta-pachet-oxygeneo-hydrate-feb-26-skinmed-800x800.jpeg 800w\" sizes=\"(max-width: 1080px) 100vw, 1080px\" \/>\n          <\/div>\n        <\/div>\n      <\/div>\n    <\/div>\n<div class=\"wpb_text_column wpb_content_element\" >\n\t<div class=\"wpb_wrapper\">\n\t\t<p><strong>OxyGeneo Hydrate<\/strong> is a professional skincare treatment that refreshes and revitalizes dry and dull skin, helping to visibly improve its appearance and texture.<\/p>\n\t<\/div>\n<\/div>\n\n\n\n\n\t\t\t<\/div> \n\t\t<\/div>\n\t<\/div> \n\n\t<div  class=\"vc_col-sm-4 wpb_column column_container vc_column_container col no-extra-padding inherit_tablet inherit_phone\"  data-padding-pos=\"all\" data-has-bg-color=\"false\" data-bg-color=\"\" data-bg-opacity=\"1\" data-animation=\"\" data-delay=\"0\" >\n\t\t<div class=\"vc_column-inner\" >\n\t\t\t<div class=\"wpb_wrapper\">\n\t\t\t\t<div class=\"img-with-aniamtion-wrap center\" data-max-width=\"100%\" data-max-width-mobile=\"default\" data-shadow=\"none\" data-animation=\"none\" >\n      <div class=\"inner\">\n        <div class=\"hover-wrap\"> \n          <div class=\"hover-wrap-inner\">\n            <a href=\"https:\/\/www.skinmed.ro\/wp-content\/uploads\/2026\/02\/oferta-pachet-oxygeneo-feb-26-skinmed.jpeg\" class=\"pp center\">\n              <img decoding=\"async\" class=\"img-with-animation skip-lazy\" data-delay=\"0\" height=\"1080\" width=\"1080\" data-animation=\"none\" src=\"https:\/\/www.skinmed.ro\/wp-content\/uploads\/2026\/02\/oferta-pachet-oxygeneo-feb-26-skinmed.jpeg\" alt=\"oferta pachet oxygeneo feb 26 skinmed\" srcset=\"https:\/\/www.skinmed.ro\/wp-content\/uploads\/2026\/02\/oferta-pachet-oxygeneo-feb-26-skinmed.jpeg 1080w, https:\/\/www.skinmed.ro\/wp-content\/uploads\/2026\/02\/oferta-pachet-oxygeneo-feb-26-skinmed-300x300.jpeg 300w, https:\/\/www.skinmed.ro\/wp-content\/uploads\/2026\/02\/oferta-pachet-oxygeneo-feb-26-skinmed-1024x1024.jpeg 1024w, https:\/\/www.skinmed.ro\/wp-content\/uploads\/2026\/02\/oferta-pachet-oxygeneo-feb-26-skinmed-150x150.jpeg 150w, https:\/\/www.skinmed.ro\/wp-content\/uploads\/2026\/02\/oferta-pachet-oxygeneo-feb-26-skinmed-768x768.jpeg 768w, https:\/\/www.skinmed.ro\/wp-content\/uploads\/2026\/02\/oferta-pachet-oxygeneo-feb-26-skinmed-12x12.jpeg 12w, https:\/\/www.skinmed.ro\/wp-content\/uploads\/2026\/02\/oferta-pachet-oxygeneo-feb-26-skinmed-100x100.jpeg 100w, https:\/\/www.skinmed.ro\/wp-content\/uploads\/2026\/02\/oferta-pachet-oxygeneo-feb-26-skinmed-140x140.jpeg 140w, https:\/\/www.skinmed.ro\/wp-content\/uploads\/2026\/02\/oferta-pachet-oxygeneo-feb-26-skinmed-500x500.jpeg 500w, https:\/\/www.skinmed.ro\/wp-content\/uploads\/2026\/02\/oferta-pachet-oxygeneo-feb-26-skinmed-350x350.jpeg 350w, https:\/\/www.skinmed.ro\/wp-content\/uploads\/2026\/02\/oferta-pachet-oxygeneo-feb-26-skinmed-1000x1000.jpeg 1000w, https:\/\/www.skinmed.ro\/wp-content\/uploads\/2026\/02\/oferta-pachet-oxygeneo-feb-26-skinmed-800x800.jpeg 800w\" sizes=\"(max-width: 1080px) 100vw, 1080px\" \/>\n            <\/a>\n          <\/div>\n        <\/div>\n      <\/div>\n      <\/div>\n<div class=\"wpb_text_column wpb_content_element\" >\n\t<div class=\"wpb_wrapper\">\n\t\t<div>Integrating four established technologies - OxyGeneo, Tripollar RF, ESA and ultrasound - Geneo X offers personalized treatments that address all skin needs.<\/div>\n\t<\/div>\n<\/div>\n\n\n\n\n\t\t\t<\/div> \n\t\t<\/div>\n\t<\/div> \n\n\t<div  class=\"vc_col-sm-4 wpb_column column_container vc_column_container col no-extra-padding inherit_tablet inherit_phone\"  data-padding-pos=\"all\" data-has-bg-color=\"false\" data-bg-color=\"\" data-bg-opacity=\"1\" data-animation=\"\" data-delay=\"0\" >\n\t\t<div class=\"vc_column-inner\" >\n\t\t\t<div class=\"wpb_wrapper\">\n\t\t\t\t<div class=\"img-with-aniamtion-wrap\" data-max-width=\"100%\" data-max-width-mobile=\"default\" data-shadow=\"none\" data-animation=\"none\" >\n      <div class=\"inner\">\n        <div class=\"hover-wrap\"> \n          <div class=\"hover-wrap-inner\">\n            <img decoding=\"async\" class=\"img-with-animation skip-lazy\" data-delay=\"0\" height=\"1080\" width=\"1080\" data-animation=\"none\" src=\"https:\/\/www.skinmed.ro\/wp-content\/uploads\/2026\/02\/oferta-pachet-oxygeneo-glam-feb-26-skinmed.jpeg\" alt=\"oferta pachet oxygeneo glam feb 26 skinmed\" srcset=\"https:\/\/www.skinmed.ro\/wp-content\/uploads\/2026\/02\/oferta-pachet-oxygeneo-glam-feb-26-skinmed.jpeg 1080w, https:\/\/www.skinmed.ro\/wp-content\/uploads\/2026\/02\/oferta-pachet-oxygeneo-glam-feb-26-skinmed-300x300.jpeg 300w, https:\/\/www.skinmed.ro\/wp-content\/uploads\/2026\/02\/oferta-pachet-oxygeneo-glam-feb-26-skinmed-1024x1024.jpeg 1024w, https:\/\/www.skinmed.ro\/wp-content\/uploads\/2026\/02\/oferta-pachet-oxygeneo-glam-feb-26-skinmed-150x150.jpeg 150w, https:\/\/www.skinmed.ro\/wp-content\/uploads\/2026\/02\/oferta-pachet-oxygeneo-glam-feb-26-skinmed-768x768.jpeg 768w, https:\/\/www.skinmed.ro\/wp-content\/uploads\/2026\/02\/oferta-pachet-oxygeneo-glam-feb-26-skinmed-12x12.jpeg 12w, https:\/\/www.skinmed.ro\/wp-content\/uploads\/2026\/02\/oferta-pachet-oxygeneo-glam-feb-26-skinmed-100x100.jpeg 100w, https:\/\/www.skinmed.ro\/wp-content\/uploads\/2026\/02\/oferta-pachet-oxygeneo-glam-feb-26-skinmed-140x140.jpeg 140w, https:\/\/www.skinmed.ro\/wp-content\/uploads\/2026\/02\/oferta-pachet-oxygeneo-glam-feb-26-skinmed-500x500.jpeg 500w, https:\/\/www.skinmed.ro\/wp-content\/uploads\/2026\/02\/oferta-pachet-oxygeneo-glam-feb-26-skinmed-350x350.jpeg 350w, https:\/\/www.skinmed.ro\/wp-content\/uploads\/2026\/02\/oferta-pachet-oxygeneo-glam-feb-26-skinmed-1000x1000.jpeg 1000w, https:\/\/www.skinmed.ro\/wp-content\/uploads\/2026\/02\/oferta-pachet-oxygeneo-glam-feb-26-skinmed-800x800.jpeg 800w\" sizes=\"(max-width: 1080px) 100vw, 1080px\" \/>\n          <\/div>\n        <\/div>\n      <\/div>\n    <\/div>\n<div class=\"wpb_text_column wpb_content_element\" >\n\t<div class=\"wpb_wrapper\">\n\t\t<div>For a full treatment protocol,\u00a0<b>for every 3 sessions purchased by Oxygeneo, you receive a FREE session<\/b>!<\/div>\n<div><\/div>\n\t<\/div>\n<\/div>\n\n\n\n\n\t\t\t<\/div> \n\t\t<\/div>\n\t<\/div> \n<\/div><\/div>","protected":false},"excerpt":{"rendered":"OxyGeneo Hydrate este un tratament profesional de \u00eengrijire care re\u00eemprosp\u0103teaz\u0103 \u0219i revigoreaz\u0103 pielea uscat\u0103 \u0219i tern\u0103, contribuind la \u00eembun\u0103t\u0103\u021birea vizibil\u0103...","protected":false},"author":2,"featured_media":0,"parent":0,"menu_order":0,"comment_status":"closed","ping_status":"closed","template":"","meta":{"footnotes":""},"class_list":["post-3723","page","type-page","status-publish"],"aioseo_notices":[],"_links":{"self":[{"href":"https:\/\/www.skinmed.ro\/en\/wp-json\/wp\/v2\/pages\/3723","targetHints":{"allow":["GET"]}}],"collection":[{"href":"https:\/\/www.skinmed.ro\/en\/wp-json\/wp\/v2\/pages"}],"about":[{"href":"https:\/\/www.skinmed.ro\/en\/wp-json\/wp\/v2\/types\/page"}],"author":[{"embeddable":true,"href":"https:\/\/www.skinmed.ro\/en\/wp-json\/wp\/v2\/users\/2"}],"replies":[{"embeddable":true,"href":"https:\/\/www.skinmed.ro\/en\/wp-json\/wp\/v2\/comments?post=3723"}],"version-history":[{"count":9,"href":"https:\/\/www.skinmed.ro\/en\/wp-json\/wp\/v2\/pages\/3723\/revisions"}],"predecessor-version":[{"id":5691,"href":"https:\/\/www.skinmed.ro\/en\/wp-json\/wp\/v2\/pages\/3723\/revisions\/5691"}],"wp:attachment":[{"href":"https:\/\/www.skinmed.ro\/en\/wp-json\/wp\/v2\/media?parent=3723"}],"curies":[{"name":"wp","href":"https:\/\/api.w.org\/{rel}","templated":true}]}}